{"id":1313,"date":"2011-03-26T21:44:15","date_gmt":"2011-03-26T20:44:15","guid":{"rendered":"http:\/\/bys.junselebyar.se\/blog\/?page_id=1313"},"modified":"2011-03-26T21:44:15","modified_gmt":"2011-03-26T20:44:15","slug":"gastboken","status":"publish","type":"page","link":"https:\/\/bys.junselebyar.se\/blog\/?page_id=1313","title":{"rendered":"G\u00e4stboken"},"content":{"rendered":"<!-- WP-ViperGB v1.6.2 -->\n<div id=\"gbHeader\" class=\"alignwide\"><div id=\"gbNavLinks\">Visa g\u00e4stbok | <a href=\"\/blog\/index.php?rest_route=%2Fwp%2Fv2%2Fpages%2F1313&#038;sign=1\">Sign Guestbook<\/a><\/div><div class=\"gbPagination\"><div class=\"pagination\"><span class=\"disabled\">&laquo; f\u00f6reg\u00e5ende<\/span><span class=\"current\">1<\/span><a href=\"https:\/\/bys.junselebyar.se\/blog\/?page_id=1313?cpage=2\">2<\/a><a href=\"https:\/\/bys.junselebyar.se\/blog\/?page_id=1313?cpage=3\">3<\/a><a href=\"https:\/\/bys.junselebyar.se\/blog\/?page_id=1313?cpage=4\">4<\/a><a href=\"https:\/\/bys.junselebyar.se\/blog\/?page_id=1313?cpage=5\">5<\/a><span class=\"elipses\">...<\/span><a href=\"https:\/\/bys.junselebyar.se\/blog\/?page_id=1313?cpage=12\">12<\/a><a href=\"https:\/\/bys.junselebyar.se\/blog\/?page_id=1313?cpage=13\">13<\/a><a href=\"https:\/\/bys.junselebyar.se\/blog\/?page_id=1313?cpage=2\">N\u00e4sta &raquo;<\/a><\/div>\n<\/div>    <div id=\"gbEntriesWrap\" class=\"alignwide\">\r\n              <table class=\"gbEntry page-nav\">\r\n          <tr>\r\n            <td class=\"gbEntryLeft\" rowspan=\"3\">\r\n              <table class=\"nocellspacing\">\r\n                <tr>\r\n                  <td class=\"leftSide\">Inl\u00e4gg#:<\/td>\r\n                  <td class=\"rightSide\">\r\n                    123                  <\/td>\r\n                <\/tr>\r\n                <tr>\r\n                  <td class=\"leftSide vtop\">Datum:<\/td>\r\n                  <td class=\"rightSide\">\r\n                    torsdag<br \/>14:28<br \/>13.04.2017                  <\/td>\r\n                <\/tr>\r\n              <\/table>\r\n            <\/td>\r\n            <td class=\"gbEntryTop\">\r\n              <div class=\"gbAuthor\">\r\n                <img decoding=\"async\" alt=\"ip\" src=\"https:\/\/bys.junselebyar.se\/blog\/wp-content\/plugins\/wp-vipergb\/img\/ip.gif\" \/> Staffan Edsfors              <\/div>\r\n              <div class=\"gbFlagAndBrowser\">\r\n                              <\/div>\r\n            <\/td>\r\n          <\/tr>\r\n          <tr>\r\n            <td class=\"gbEntryContent\">\r\n              <p>Glad P\u00e5sk alla l\u00e4sare fr\u00e5n oss p\u00e5  Gj\u00f6sing<\/p>\n            <\/td>\r\n          <\/tr>\r\n          <tr>\r\n            <td class=\"gbEntryBottom\">\r\n                              <img decoding=\"async\" alt=\"\" src=\"https:\/\/bys.junselebyar.se\/blog\/wp-content\/plugins\/wp-vipergb\/img\/email.gif\" \/> &lt;dold&gt;<br \/>\r\n                                        <\/td>\r\n          <\/tr>\r\n        <\/table>\r\n              <table class=\"gbEntry page-nav\">\r\n          <tr>\r\n            <td class=\"gbEntryLeft\" rowspan=\"3\">\r\n              <table class=\"nocellspacing\">\r\n                <tr>\r\n                  <td class=\"leftSide\">Inl\u00e4gg#:<\/td>\r\n                  <td class=\"rightSide\">\r\n                    122                  <\/td>\r\n                <\/tr>\r\n                <tr>\r\n                  <td class=\"leftSide vtop\">Datum:<\/td>\r\n                  <td class=\"rightSide\">\r\n                    onsdag<br \/>22:48<br \/>25.01.2017                  <\/td>\r\n                <\/tr>\r\n              <\/table>\r\n            <\/td>\r\n            <td class=\"gbEntryTop\">\r\n              <div class=\"gbAuthor\">\r\n                <img decoding=\"async\" alt=\"ip\" src=\"https:\/\/bys.junselebyar.se\/blog\/wp-content\/plugins\/wp-vipergb\/img\/ip.gif\" \/> Katarina              <\/div>\r\n              <div class=\"gbFlagAndBrowser\">\r\n                              <\/div>\r\n            <\/td>\r\n          <\/tr>\r\n          <tr>\r\n            <td class=\"gbEntryContent\">\r\n              <p>God forts\u00e4ttning p\u00e5 det nya \u00e5ret 2017! Nu l\u00e4ngtar vi bara upp till stugan igen. Hoppas vi ses till P\u00e5sk! Ha det s\u00e5 gott alla vi k\u00e4nner!??<\/p>\n            <\/td>\r\n          <\/tr>\r\n          <tr>\r\n            <td class=\"gbEntryBottom\">\r\n                              <img decoding=\"async\" alt=\"\" src=\"https:\/\/bys.junselebyar.se\/blog\/wp-content\/plugins\/wp-vipergb\/img\/email.gif\" \/> &lt;dold&gt;<br \/>\r\n                                        <\/td>\r\n          <\/tr>\r\n        <\/table>\r\n              <table class=\"gbEntry page-nav\">\r\n          <tr>\r\n            <td class=\"gbEntryLeft\" rowspan=\"3\">\r\n              <table class=\"nocellspacing\">\r\n                <tr>\r\n                  <td class=\"leftSide\">Inl\u00e4gg#:<\/td>\r\n                  <td class=\"rightSide\">\r\n                    121                  <\/td>\r\n                <\/tr>\r\n                <tr>\r\n                  <td class=\"leftSide vtop\">Datum:<\/td>\r\n                  <td class=\"rightSide\">\r\n                    torsdag<br \/>16:46<br \/>05.01.2017                  <\/td>\r\n                <\/tr>\r\n              <\/table>\r\n            <\/td>\r\n            <td class=\"gbEntryTop\">\r\n              <div class=\"gbAuthor\">\r\n                <img decoding=\"async\" alt=\"ip\" src=\"https:\/\/bys.junselebyar.se\/blog\/wp-content\/plugins\/wp-vipergb\/img\/ip.gif\" \/> Staffan Edsfors              <\/div>\r\n              <div class=\"gbFlagAndBrowser\">\r\n                              <\/div>\r\n            <\/td>\r\n          <\/tr>\r\n          <tr>\r\n            <td class=\"gbEntryContent\">\r\n              <p>D\u00e4 vart k\u00e5llt \u00e5  v\u00e4rk forts\u00e4tt \u00e4ven tells i m\u00e5ran  Har\u00e4<\/p>\n<p>                                                   mvh Staffan<\/p>\n            <\/td>\r\n          <\/tr>\r\n          <tr>\r\n            <td class=\"gbEntryBottom\">\r\n                              <img decoding=\"async\" alt=\"\" src=\"https:\/\/bys.junselebyar.se\/blog\/wp-content\/plugins\/wp-vipergb\/img\/email.gif\" \/> &lt;dold&gt;<br \/>\r\n                                        <\/td>\r\n          <\/tr>\r\n        <\/table>\r\n              <table class=\"gbEntry page-nav\">\r\n          <tr>\r\n            <td class=\"gbEntryLeft\" rowspan=\"3\">\r\n              <table class=\"nocellspacing\">\r\n                <tr>\r\n                  <td class=\"leftSide\">Inl\u00e4gg#:<\/td>\r\n                  <td class=\"rightSide\">\r\n                    120                  <\/td>\r\n                <\/tr>\r\n                <tr>\r\n                  <td class=\"leftSide vtop\">Datum:<\/td>\r\n                  <td class=\"rightSide\">\r\n                    l\u00f6rdag<br \/>17:15<br \/>31.12.2016                  <\/td>\r\n                <\/tr>\r\n              <\/table>\r\n            <\/td>\r\n            <td class=\"gbEntryTop\">\r\n              <div class=\"gbAuthor\">\r\n                <img decoding=\"async\" alt=\"ip\" src=\"https:\/\/bys.junselebyar.se\/blog\/wp-content\/plugins\/wp-vipergb\/img\/ip.gif\" \/> staffan edsfors              <\/div>\r\n              <div class=\"gbFlagAndBrowser\">\r\n                              <\/div>\r\n            <\/td>\r\n          <\/tr>\r\n          <tr>\r\n            <td class=\"gbEntryContent\">\r\n              <p>Gott Nytt \u00c5r fr\u00e5n os p\u00e5 Gj\u00f6sing!<\/p>\n            <\/td>\r\n          <\/tr>\r\n          <tr>\r\n            <td class=\"gbEntryBottom\">\r\n                              <img decoding=\"async\" alt=\"\" src=\"https:\/\/bys.junselebyar.se\/blog\/wp-content\/plugins\/wp-vipergb\/img\/email.gif\" \/> &lt;dold&gt;<br \/>\r\n                                        <\/td>\r\n          <\/tr>\r\n        <\/table>\r\n              <table class=\"gbEntry page-nav\">\r\n          <tr>\r\n            <td class=\"gbEntryLeft\" rowspan=\"3\">\r\n              <table class=\"nocellspacing\">\r\n                <tr>\r\n                  <td class=\"leftSide\">Inl\u00e4gg#:<\/td>\r\n                  <td class=\"rightSide\">\r\n                    119                  <\/td>\r\n                <\/tr>\r\n                <tr>\r\n                  <td class=\"leftSide vtop\">Datum:<\/td>\r\n                  <td class=\"rightSide\">\r\n                    tisdag<br \/>02:28<br \/>27.12.2016                  <\/td>\r\n                <\/tr>\r\n              <\/table>\r\n            <\/td>\r\n            <td class=\"gbEntryTop\">\r\n              <div class=\"gbAuthor\">\r\n                <img decoding=\"async\" alt=\"ip\" src=\"https:\/\/bys.junselebyar.se\/blog\/wp-content\/plugins\/wp-vipergb\/img\/ip.gif\" \/> Lars Eric              <\/div>\r\n              <div class=\"gbFlagAndBrowser\">\r\n                              <\/div>\r\n            <\/td>\r\n          <\/tr>\r\n          <tr>\r\n            <td class=\"gbEntryContent\">\r\n              <p>Gl\u00f6m inte att trycka p\u00e5 gillaknappen! S\u00e5 sprids v\u00e5ran site \u00e4ven p\u00e5 sociala media.<\/p>\n            <\/td>\r\n          <\/tr>\r\n          <tr>\r\n            <td class=\"gbEntryBottom\">\r\n                              <img decoding=\"async\" alt=\"\" src=\"https:\/\/bys.junselebyar.se\/blog\/wp-content\/plugins\/wp-vipergb\/img\/email.gif\" \/> &lt;dold&gt;<br \/>\r\n                                        <\/td>\r\n          <\/tr>\r\n        <\/table>\r\n              <table class=\"gbEntry page-nav\">\r\n          <tr>\r\n            <td class=\"gbEntryLeft\" rowspan=\"3\">\r\n              <table class=\"nocellspacing\">\r\n                <tr>\r\n                  <td class=\"leftSide\">Inl\u00e4gg#:<\/td>\r\n                  <td class=\"rightSide\">\r\n                    118                  <\/td>\r\n                <\/tr>\r\n                <tr>\r\n                  <td class=\"leftSide vtop\">Datum:<\/td>\r\n                  <td class=\"rightSide\">\r\n                    tisdag<br \/>02:21<br \/>27.12.2016                  <\/td>\r\n                <\/tr>\r\n              <\/table>\r\n            <\/td>\r\n            <td class=\"gbEntryTop\">\r\n              <div class=\"gbAuthor\">\r\n                <img decoding=\"async\" alt=\"ip\" src=\"https:\/\/bys.junselebyar.se\/blog\/wp-content\/plugins\/wp-vipergb\/img\/ip.gif\" \/> Lars Eric              <\/div>\r\n              <div class=\"gbFlagAndBrowser\">\r\n                              <\/div>\r\n            <\/td>\r\n          <\/tr>\r\n          <tr>\r\n            <td class=\"gbEntryContent\">\r\n              <p>S\u00e5 r\u00e4tt Jan!<\/p>\n<p>Nu letar jag \u00f6verallt efter Julias tackkort&#8230; Ska l\u00e4gga ut det asap.<\/p>\n            <\/td>\r\n          <\/tr>\r\n          <tr>\r\n            <td class=\"gbEntryBottom\">\r\n                              <img decoding=\"async\" alt=\"\" src=\"https:\/\/bys.junselebyar.se\/blog\/wp-content\/plugins\/wp-vipergb\/img\/email.gif\" \/> &lt;dold&gt;<br \/>\r\n                                        <\/td>\r\n          <\/tr>\r\n        <\/table>\r\n              <table class=\"gbEntry page-nav\">\r\n          <tr>\r\n            <td class=\"gbEntryLeft\" rowspan=\"3\">\r\n              <table class=\"nocellspacing\">\r\n                <tr>\r\n                  <td class=\"leftSide\">Inl\u00e4gg#:<\/td>\r\n                  <td class=\"rightSide\">\r\n                    117                  <\/td>\r\n                <\/tr>\r\n                <tr>\r\n                  <td class=\"leftSide vtop\">Datum:<\/td>\r\n                  <td class=\"rightSide\">\r\n                    l\u00f6rdag<br \/>12:18<br \/>24.12.2016                  <\/td>\r\n                <\/tr>\r\n              <\/table>\r\n            <\/td>\r\n            <td class=\"gbEntryTop\">\r\n              <div class=\"gbAuthor\">\r\n                <img decoding=\"async\" alt=\"ip\" src=\"https:\/\/bys.junselebyar.se\/blog\/wp-content\/plugins\/wp-vipergb\/img\/ip.gif\" \/> Marianne gustafsson              <\/div>\r\n              <div class=\"gbFlagAndBrowser\">\r\n                              <\/div>\r\n            <\/td>\r\n          <\/tr>\r\n          <tr>\r\n            <td class=\"gbEntryContent\">\r\n              <p>God Jul till er som tittar in p\u00e5 Bysj\u00f6ns hemsida.  Jan har s\u00e5 r\u00e4tt att vi ska f\u00f6rs\u00f6ka h\u00e5lla sidan ig\u00e5ng , mitt ny\u00e5rs l\u00f6fte att f\u00f6rs\u00f6ka uppdatera minst en g\u00e5ng per m\u00e5nad, tacksam f\u00f6r hj\u00e4lp med nya  och gamla foton och intressanta h\u00e4ndelser , Gott Nytt \u00c5r ocks\u00e5 fr\u00e5n oss Bysj\u00f6bor!<\/p>\n            <\/td>\r\n          <\/tr>\r\n          <tr>\r\n            <td class=\"gbEntryBottom\">\r\n                              <img decoding=\"async\" alt=\"\" src=\"https:\/\/bys.junselebyar.se\/blog\/wp-content\/plugins\/wp-vipergb\/img\/email.gif\" \/> &lt;dold&gt;<br \/>\r\n                                        <\/td>\r\n          <\/tr>\r\n        <\/table>\r\n              <table class=\"gbEntry page-nav\">\r\n          <tr>\r\n            <td class=\"gbEntryLeft\" rowspan=\"3\">\r\n              <table class=\"nocellspacing\">\r\n                <tr>\r\n                  <td class=\"leftSide\">Inl\u00e4gg#:<\/td>\r\n                  <td class=\"rightSide\">\r\n                    116                  <\/td>\r\n                <\/tr>\r\n                <tr>\r\n                  <td class=\"leftSide vtop\">Datum:<\/td>\r\n                  <td class=\"rightSide\">\r\n                    l\u00f6rdag<br \/>12:05<br \/>24.12.2016                  <\/td>\r\n                <\/tr>\r\n              <\/table>\r\n            <\/td>\r\n            <td class=\"gbEntryTop\">\r\n              <div class=\"gbAuthor\">\r\n                <img decoding=\"async\" alt=\"ip\" src=\"https:\/\/bys.junselebyar.se\/blog\/wp-content\/plugins\/wp-vipergb\/img\/ip.gif\" \/> Jan Sj\u00f6lander              <\/div>\r\n              <div class=\"gbFlagAndBrowser\">\r\n                              <\/div>\r\n            <\/td>\r\n          <\/tr>\r\n          <tr>\r\n            <td class=\"gbEntryContent\">\r\n              <p>F\u00f6re FB s int\u00e5g i v\u00e5ra liv var denna byasida inte bara en k\u00e4lla att \u00f6sa ur, n\u00e4r det g\u00e4llde v\u00e5r hembygds historia, det var ocks\u00e5 v\u00e5r kanal till att skicka h\u00e4lsningar och kommunicera med varandra.<br \/>\nHoppas att sidan inte d\u00f6r ut helt och framf\u00f6rallt f\u00e5r inte det material som finns sparat, f\u00f6rsvinna.<br \/>\nVi kanske kan hj\u00e4lpas \u00e5t att b\u00f6rja l\u00e4gga ut material igen s\u00e5 intresset f\u00f6r sidan \u00e5teruppst\u00e5r.<\/p>\n<p>Jag vill \u00f6nska alla boende, utflyttade och inflyttade, med koppling till byarna Ysta&#8217; t, En riktigt God Jul och Ett Gott Nytt \u00c5r.<br \/>\n\/Jan Sj\u00f6lander<\/p>\n            <\/td>\r\n          <\/tr>\r\n          <tr>\r\n            <td class=\"gbEntryBottom\">\r\n                              <img decoding=\"async\" alt=\"\" src=\"https:\/\/bys.junselebyar.se\/blog\/wp-content\/plugins\/wp-vipergb\/img\/email.gif\" \/> &lt;dold&gt;<br \/>\r\n                                        <\/td>\r\n          <\/tr>\r\n        <\/table>\r\n              <table class=\"gbEntry page-nav\">\r\n          <tr>\r\n            <td class=\"gbEntryLeft\" rowspan=\"3\">\r\n              <table class=\"nocellspacing\">\r\n                <tr>\r\n                  <td class=\"leftSide\">Inl\u00e4gg#:<\/td>\r\n                  <td class=\"rightSide\">\r\n                    115                  <\/td>\r\n                <\/tr>\r\n                <tr>\r\n                  <td class=\"leftSide vtop\">Datum:<\/td>\r\n                  <td class=\"rightSide\">\r\n                    torsdag<br \/>15:19<br \/>28.04.2016                  <\/td>\r\n                <\/tr>\r\n              <\/table>\r\n            <\/td>\r\n            <td class=\"gbEntryTop\">\r\n              <div class=\"gbAuthor\">\r\n                <img decoding=\"async\" alt=\"ip\" src=\"https:\/\/bys.junselebyar.se\/blog\/wp-content\/plugins\/wp-vipergb\/img\/ip.gif\" \/> Elisabeth Molinder              <\/div>\r\n              <div class=\"gbFlagAndBrowser\">\r\n                              <\/div>\r\n            <\/td>\r\n          <\/tr>\r\n          <tr>\r\n            <td class=\"gbEntryContent\">\r\n              <p>Medan jag v\u00e4ntar p\u00e5 att p\u00e4ren ska koka g\u00e5r jag in och kollar i Bysj\u00f6n och uppt\u00e4cker att jag \u00e4r f\u00f6rst p\u00e5 2016.Jag \u00e4r inte s\u00e5 ofta inne i datorn och &#8221;sl\u00f6surfar&#8221;&#8230;.jag har inte t\u00e5lamod tror jag!<br \/>\nNu \u00e4r det snart riktig v\u00e5r ,efter busv\u00e4dret i m\u00e5ndags\/25\/4\/.<br \/>\nNu b\u00f6rjar det synas ute var st\u00e4dinsatserna ska s\u00e4ttas in&#8230;.\u00f6nskar att n\u00e5n kanske ville avverka en del av sitt straff h\u00e4r:kratta,gr\u00e4va upp land,b\u00e4ra undan vintern helt enkelt!<br \/>\nMen jag brukar se det som gympass s\u00e5 g\u00e5r det b\u00e4ttre.<\/p>\n            <\/td>\r\n          <\/tr>\r\n          <tr>\r\n            <td class=\"gbEntryBottom\">\r\n                              <img decoding=\"async\" alt=\"\" src=\"https:\/\/bys.junselebyar.se\/blog\/wp-content\/plugins\/wp-vipergb\/img\/email.gif\" \/> &lt;dold&gt;<br \/>\r\n                                        <\/td>\r\n          <\/tr>\r\n        <\/table>\r\n              <table class=\"gbEntry page-nav\">\r\n          <tr>\r\n            <td class=\"gbEntryLeft\" rowspan=\"3\">\r\n              <table class=\"nocellspacing\">\r\n                <tr>\r\n                  <td class=\"leftSide\">Inl\u00e4gg#:<\/td>\r\n                  <td class=\"rightSide\">\r\n                    114                  <\/td>\r\n                <\/tr>\r\n                <tr>\r\n                  <td class=\"leftSide vtop\">Datum:<\/td>\r\n                  <td class=\"rightSide\">\r\n                    s\u00f6ndag<br \/>20:46<br \/>20.12.2015                  <\/td>\r\n                <\/tr>\r\n              <\/table>\r\n            <\/td>\r\n            <td class=\"gbEntryTop\">\r\n              <div class=\"gbAuthor\">\r\n                <img decoding=\"async\" alt=\"ip\" src=\"https:\/\/bys.junselebyar.se\/blog\/wp-content\/plugins\/wp-vipergb\/img\/ip.gif\" \/> Staffan Edsfors              <\/div>\r\n              <div class=\"gbFlagAndBrowser\">\r\n                              <\/div>\r\n            <\/td>\r\n          <\/tr>\r\n          <tr>\r\n            <td class=\"gbEntryContent\">\r\n              <p>Regn, regn \u00e5 \u00e5ter regn men f\u00e5 hoppas en trevlig jul \u00e4nd\u00e5.<br \/>\nGod Jul \u00e5 Gott Nytt \u00c5r till   er alla<br \/>\n                               Ann Sofie \u00e5 Staffan<\/p>\n            <\/td>\r\n          <\/tr>\r\n          <tr>\r\n            <td class=\"gbEntryBottom\">\r\n                              <img decoding=\"async\" alt=\"\" src=\"https:\/\/bys.junselebyar.se\/blog\/wp-content\/plugins\/wp-vipergb\/img\/email.gif\" \/> &lt;dold&gt;<br \/>\r\n                                        <\/td>\r\n          <\/tr>\r\n        <\/table>\r\n            <span id=\"gbCredit\">Drivs med WP-ViperGB<\/span><\/div>","protected":false},"excerpt":{"rendered":"<p>Visa g\u00e4stbok | Sign Guestbook&laquo; f\u00f6reg\u00e5ende12345&#8230;1213N\u00e4sta &raquo; Inl\u00e4gg#: 123 Datum: torsdag14:2813.04.2017 Staffan Edsfors Glad P\u00e5sk alla l\u00e4sare fr\u00e5n oss p\u00e5 Gj\u00f6sing &lt;dold&gt; Inl\u00e4gg#: 122 Datum: onsdag22:4825.01.2017 Katarina God forts\u00e4ttning p\u00e5 det nya \u00e5ret 2017! Nu l\u00e4ngtar vi bara upp till stugan igen. Hoppas vi ses till P\u00e5sk! Ha det s\u00e5 gott alla vi k\u00e4nner!?? &lt;dold&gt; &hellip; <\/p>\n<p class=\"link-more\"><a href=\"https:\/\/bys.junselebyar.se\/blog\/?page_id=1313\" class=\"more-link\">Forts\u00e4tt l\u00e4sa<span class=\"screen-reader-text\"> \u201dG\u00e4stboken\u201d<\/span><\/a><\/p>\n","protected":false},"author":1,"featured_media":0,"parent":0,"menu_order":0,"comment_status":"open","ping_status":"open","template":"","meta":{"footnotes":""},"class_list":["post-1313","page","type-page","status-publish","hentry"],"_links":{"self":[{"href":"https:\/\/bys.junselebyar.se\/blog\/index.php?rest_route=\/wp\/v2\/pages\/1313","targetHints":{"allow":["GET"]}}],"collection":[{"href":"https:\/\/bys.junselebyar.se\/blog\/index.php?rest_route=\/wp\/v2\/pages"}],"about":[{"href":"https:\/\/bys.junselebyar.se\/blog\/index.php?rest_route=\/wp\/v2\/types\/page"}],"author":[{"embeddable":true,"href":"https:\/\/bys.junselebyar.se\/blog\/index.php?rest_route=\/wp\/v2\/users\/1"}],"replies":[{"embeddable":true,"href":"https:\/\/bys.junselebyar.se\/blog\/index.php?rest_route=%2Fwp%2Fv2%2Fcomments&post=1313"}],"version-history":[{"count":2,"href":"https:\/\/bys.junselebyar.se\/blog\/index.php?rest_route=\/wp\/v2\/pages\/1313\/revisions"}],"predecessor-version":[{"id":2254,"href":"https:\/\/bys.junselebyar.se\/blog\/index.php?rest_route=\/wp\/v2\/pages\/1313\/revisions\/2254"}],"wp:attachment":[{"href":"https:\/\/bys.junselebyar.se\/blog\/index.php?rest_route=%2Fwp%2Fv2%2Fmedia&parent=1313"}],"curies":[{"name":"wp","href":"https:\/\/api.w.org\/{rel}","templated":true}]}}